{"id":3000,"date":"2025-11-12T17:55:10","date_gmt":"2025-11-12T17:55:10","guid":{"rendered":"https:\/\/exelmotors.bertproducts.fr\/produit\/exel-motor-boats-1\/"},"modified":"2025-11-14T19:43:20","modified_gmt":"2025-11-14T19:43:20","slug":"exel-motor-boats","status":"publish","type":"product","link":"https:\/\/exelmotors.bertproducts.fr\/en\/product\/exel-motor-boats\/","title":{"rendered":"EXEL MOTOR\u00ae BOATS"},"content":{"rendered":"","protected":false},"excerpt":{"rendered":"<h5><span style=\"color: #ab080e;\"><span style=\"font-size: 12px;\">LIVRAISON GRATUITE \u00c0 PARTIR DE 45\u20ac D&rsquo;ACHAT !<\/span><\/span><\/h5>\n<p>&nbsp;<\/p>\n<h5><span style=\"color: #ab080e;\">TRAITEMENT MOTEUR 4\/6\/8 CYLINDRES TURBO &#8211; TRAITEMENT GLOBAL ANTI-FUM\u00c9E HAUT ET BAS MOTEUR &#8211; SP\u00c9CIAL BATEAU\u00a0<\/span><\/h5>\n<h5><\/h5>\n<h5><span style=\"color: #ab080e;\">1X1000ML &#8211; 2X250ML<\/span><\/h5>\n<h5><span style=\"color: #203471;\"><span style=\"font-size: 12px;\">Ref : 53BO01 &#8211; 53BO250<\/span><\/span><\/h5>\n<p>&nbsp;<\/p>\n<p class=\"p1\"><strong>Exel Motor\u00ae Boats est un traitement moteur global anti-fum\u00e9e haut et bas moteur pour les bateaux \u00e9quip\u00e9s de 2 moteurs.<\/strong><\/p>\n<ul>\n<li>1&#215;1000 ml et 2&#215;250 ml ultra concentr\u00e9 sans dilution pr\u00e9alable.<\/li>\n<li>R\u00e9duit la consommation d\u2019huile et de carburant jusqu\u2019\u00e0 15%.<\/li>\n<li>Augmente la long\u00e9vit\u00e9 du moteur et optimise ses performances.<\/li>\n<li>Diminue les \u00e9missions polluantes du bateau.<\/li>\n<li>R\u00e9\u00e9quilibre les compressions moteur de votre bateau.<\/li>\n<li>Efficace jusqu&rsquo;\u00e0 500 heures de navigation.<\/li>\n<\/ul>","protected":false},"featured_media":2999,"comment_status":"open","ping_status":"closed","template":"","meta":{"_et_pb_use_builder":"","_et_pb_old_content":"","_et_gb_content_width":""},"product_brand":[],"product_cat":[30],"product_tag":[],"class_list":{"0":"post-3000","1":"product","2":"type-product","3":"status-publish","4":"has-post-thumbnail","6":"product_cat-special-bateaux","7":"pa_motorisation-diesel","9":"first","10":"instock","11":"shipping-taxable","12":"purchasable","13":"product-type-simple"},"_links":{"self":[{"href":"https:\/\/exelmotors.bertproducts.fr\/en\/wp-json\/wp\/v2\/product\/3000","targetHints":{"allow":["GET"]}}],"collection":[{"href":"https:\/\/exelmotors.bertproducts.fr\/en\/wp-json\/wp\/v2\/product"}],"about":[{"href":"https:\/\/exelmotors.bertproducts.fr\/en\/wp-json\/wp\/v2\/types\/product"}],"replies":[{"embeddable":true,"href":"https:\/\/exelmotors.bertproducts.fr\/en\/wp-json\/wp\/v2\/comments?post=3000"}],"wp:featuredmedia":[{"embeddable":true,"href":"https:\/\/exelmotors.bertproducts.fr\/en\/wp-json\/wp\/v2\/media\/2999"}],"wp:attachment":[{"href":"https:\/\/exelmotors.bertproducts.fr\/en\/wp-json\/wp\/v2\/media?parent=3000"}],"wp:term":[{"taxonomy":"product_brand","embeddable":true,"href":"https:\/\/exelmotors.bertproducts.fr\/en\/wp-json\/wp\/v2\/product_brand?post=3000"},{"taxonomy":"product_cat","embeddable":true,"href":"https:\/\/exelmotors.bertproducts.fr\/en\/wp-json\/wp\/v2\/product_cat?post=3000"},{"taxonomy":"product_tag","embeddable":true,"href":"https:\/\/exelmotors.bertproducts.fr\/en\/wp-json\/wp\/v2\/product_tag?post=3000"}],"curies":[{"name":"wp","href":"https:\/\/api.w.org\/{rel}","templated":true}]}}