{"id":3006,"date":"2025-11-12T17:55:14","date_gmt":"2025-11-12T17:55:14","guid":{"rendered":"https:\/\/exelmotors.bertproducts.fr\/produit\/exel-classic-cars-2x250-ml\/"},"modified":"2025-11-14T19:54:16","modified_gmt":"2025-11-14T19:54:16","slug":"exel-classic-cars-2x250-ml","status":"publish","type":"product","link":"https:\/\/exelmotors.bertproducts.fr\/en\/product\/exel-classic-cars-2x250-ml\/","title":{"rendered":"EXEL CLASSIC CARS\u00ae &#8211; 2&#215;250 ml"},"content":{"rendered":"<div class=\"col-xs-12 col-sm-6\">\n<p>&nbsp;<\/p>\n<\/div>\n<div class=\"col-xs-12 col-sm-6\"><\/div>","protected":false},"excerpt":{"rendered":"<h5><span style=\"color: #ab080e;\"><span style=\"font-size: 12px;\">LIVRAISON GRATUITE \u00c0 PARTIR DE 45\u20ac D&rsquo;ACHAT !<\/span><\/span><\/h5>\n<p>&nbsp;<\/p>\n<h5><span style=\"color: #ab080e;\">TRAITEMENT MOTEUR POUR VEHICULES CLASSIC CARS \/ HISTORIQUE \/ COLLECTION.<\/span><\/h5>\n<h5><span style=\"color: #ab080e;\">VOITURE ESSENCE &#8211; 6, 8, 12 cylindres &#8211; 500ml (2x250ml)<\/span><\/h5>\n<h5><span style=\"color: #203471;\"><span style=\"font-size: 12px;\">Ref : 58CC250<\/span><\/span><\/h5>\n<p>&nbsp;<\/p>\n<p class=\"p1\"><strong>Exel Classic Cars est un double traitement int\u00e9gral haut et bas moteur pour v\u00e9hicules 6,8 ou 12 cylindres. Il contient \u00e9galement des additifs qui permettent d\u2019am\u00e9liorer l\u2019indice d\u2019octane de plus de 3 points.<\/strong><\/p>\n<ul>\n<li>500ml (2&#215;250 ml) ultra concentr\u00e9 sans dilution pr\u00e9alable<\/li>\n<li>R\u00e9duit la consommation de carburant de votre voiture<\/li>\n<li>\u00c9limine les d\u00e9p\u00f4ts pr\u00e9sents dans le syst\u00e8me d\u2019alimentation<\/li>\n<li>Optimise le rendement du moteur de votre v\u00e9hicule<\/li>\n<li>R\u00e9duit les rejets de polluants et les \u00e9missions de CO2<\/li>\n<li>Nettoie efficacement les parties encrass\u00e9es du moteur.<\/li>\n<\/ul>","protected":false},"featured_media":3005,"comment_status":"open","ping_status":"closed","template":"","meta":{"_et_pb_use_builder":"","_et_pb_old_content":"","_et_gb_content_width":""},"product_brand":[],"product_cat":[29],"product_tag":[],"class_list":{"0":"post-3006","1":"product","2":"type-product","3":"status-publish","4":"has-post-thumbnail","6":"product_cat-additifs-classic-cars-competition","7":"pa_gamme-entretien","8":"pa_gamme-performance","9":"pa_motorisation-essence","11":"first","12":"instock","13":"shipping-taxable","14":"purchasable","15":"product-type-simple"},"_links":{"self":[{"href":"https:\/\/exelmotors.bertproducts.fr\/en\/wp-json\/wp\/v2\/product\/3006","targetHints":{"allow":["GET"]}}],"collection":[{"href":"https:\/\/exelmotors.bertproducts.fr\/en\/wp-json\/wp\/v2\/product"}],"about":[{"href":"https:\/\/exelmotors.bertproducts.fr\/en\/wp-json\/wp\/v2\/types\/product"}],"replies":[{"embeddable":true,"href":"https:\/\/exelmotors.bertproducts.fr\/en\/wp-json\/wp\/v2\/comments?post=3006"}],"wp:featuredmedia":[{"embeddable":true,"href":"https:\/\/exelmotors.bertproducts.fr\/en\/wp-json\/wp\/v2\/media\/3005"}],"wp:attachment":[{"href":"https:\/\/exelmotors.bertproducts.fr\/en\/wp-json\/wp\/v2\/media?parent=3006"}],"wp:term":[{"taxonomy":"product_brand","embeddable":true,"href":"https:\/\/exelmotors.bertproducts.fr\/en\/wp-json\/wp\/v2\/product_brand?post=3006"},{"taxonomy":"product_cat","embeddable":true,"href":"https:\/\/exelmotors.bertproducts.fr\/en\/wp-json\/wp\/v2\/product_cat?post=3006"},{"taxonomy":"product_tag","embeddable":true,"href":"https:\/\/exelmotors.bertproducts.fr\/en\/wp-json\/wp\/v2\/product_tag?post=3006"}],"curies":[{"name":"wp","href":"https:\/\/api.w.org\/{rel}","templated":true}]}}