{"id":3012,"date":"2025-11-12T17:55:25","date_gmt":"2025-11-12T17:55:25","guid":{"rendered":"https:\/\/exelmotors.bertproducts.fr\/produit\/exel-lave-glace-par-100\/"},"modified":"2025-11-14T19:04:54","modified_gmt":"2025-11-14T19:04:54","slug":"exel-lave-glace-par-100","status":"publish","type":"product","link":"https:\/\/exelmotors.bertproducts.fr\/en\/product\/exel-lave-glace-par-100\/","title":{"rendered":"EXEL LAVE GLACE\u00ae PAR 100"},"content":{"rendered":"","protected":false},"excerpt":{"rendered":"<h5><span style=\"color: #ab080e;\">EXEL LAVE-GLACE BO\u00ceTE DE 100 PASTILLES<\/span><\/h5>\n<p class=\"p1\"><strong>Exel Motor LAVE-GLACE\u00ae PRO, un concentr\u00e9 d\u2019actifs effervescents, nettoyants et \u201canti-gel\u201d permettant de constituer un liquide lave-glace anti gel efficace pr\u00eat \u00e0 l\u2019emploi.<\/strong><\/p>\n<ul>\n<li>Un liquide de lave-glace anti-gel toujours pr\u00eat \u00e0 l\u2019emploi<\/li>\n<li>D\u00e9graisse efficacement, supprime les traces d\u2019insectes (moustiques, moucherons\u2026)<\/li>\n<li>Contient \u00e9galement des agents sp\u00e9cifiques \u00e9vitant la formation de tartre dans le syst\u00e8me lave-glace.<\/li>\n<li>Poche r\u00e9utilisable \u00e0 glisser dans la bo\u00eete \u00e0 gants.<\/li>\n<li>Simplicit\u00e9, rentabilit\u00e9.<\/li>\n<\/ul>","protected":false},"featured_media":3011,"comment_status":"open","ping_status":"closed","template":"","meta":{"_et_pb_use_builder":"","_et_pb_old_content":"","_et_gb_content_width":""},"product_brand":[],"product_cat":[24],"product_tag":[],"class_list":{"0":"post-3012","1":"product","2":"type-product","3":"status-publish","4":"has-post-thumbnail","6":"product_cat-produit-lave-glace","7":"pa_gamme-entretien","9":"first","10":"instock","11":"shipping-taxable","12":"purchasable","13":"product-type-variable"},"_links":{"self":[{"href":"https:\/\/exelmotors.bertproducts.fr\/en\/wp-json\/wp\/v2\/product\/3012","targetHints":{"allow":["GET"]}}],"collection":[{"href":"https:\/\/exelmotors.bertproducts.fr\/en\/wp-json\/wp\/v2\/product"}],"about":[{"href":"https:\/\/exelmotors.bertproducts.fr\/en\/wp-json\/wp\/v2\/types\/product"}],"replies":[{"embeddable":true,"href":"https:\/\/exelmotors.bertproducts.fr\/en\/wp-json\/wp\/v2\/comments?post=3012"}],"wp:featuredmedia":[{"embeddable":true,"href":"https:\/\/exelmotors.bertproducts.fr\/en\/wp-json\/wp\/v2\/media\/3011"}],"wp:attachment":[{"href":"https:\/\/exelmotors.bertproducts.fr\/en\/wp-json\/wp\/v2\/media?parent=3012"}],"wp:term":[{"taxonomy":"product_brand","embeddable":true,"href":"https:\/\/exelmotors.bertproducts.fr\/en\/wp-json\/wp\/v2\/product_brand?post=3012"},{"taxonomy":"product_cat","embeddable":true,"href":"https:\/\/exelmotors.bertproducts.fr\/en\/wp-json\/wp\/v2\/product_cat?post=3012"},{"taxonomy":"product_tag","embeddable":true,"href":"https:\/\/exelmotors.bertproducts.fr\/en\/wp-json\/wp\/v2\/product_tag?post=3012"}],"curies":[{"name":"wp","href":"https:\/\/api.w.org\/{rel}","templated":true}]}}