{"id":3014,"date":"2025-11-12T17:55:28","date_gmt":"2025-11-12T17:55:28","guid":{"rendered":"https:\/\/exelmotors.bertproducts.fr\/produit\/exel-lave-glace-2x5-pastilles\/"},"modified":"2025-11-14T19:49:38","modified_gmt":"2025-11-14T19:49:38","slug":"exel-lave-glace-2x5-pastilles","status":"publish","type":"product","link":"https:\/\/exelmotors.bertproducts.fr\/en\/product\/exel-lave-glace-2x5-pastilles\/","title":{"rendered":"EXEL LAVE-GLACE\u00ae &#8211; 2&#215;5 PASTILLES"},"content":{"rendered":"<p>&nbsp;<\/p>\n<p>&nbsp;<\/p>","protected":false},"excerpt":{"rendered":"<h5><span style=\"color: #ab080e;\"><span style=\"font-size: 12px;\">LIVRAISON GRATUITE \u00c0 PARTIR DE 45\u20ac D&rsquo;ACHAT !<\/span><\/span><\/h5>\n<p>&nbsp;<\/p>\n<h5><span style=\"color: #ab080e;\">EXEL LAVE-GLACE 2 BO\u00ceTES DE 5 PASTILLES<\/span><\/h5>\n<h5><\/h5>\n<h5><span style=\"color: #203471;\"><span style=\"font-size: 12px;\">Ref : 14003<\/span><\/span><\/h5>\n<p>&nbsp;<\/p>\n<p class=\"p1\"><strong>Exel Motor LAVE-GLACE\u00ae, un concentr\u00e9 d\u2019actifs effervescents, nettoyants et \u201canti-gel\u201d permettant de constituer un liquide lave-glace anti gel efficace pr\u00eat \u00e0 l\u2019emploi.<\/strong><\/p>\n<ul>\n<li>Un liquide de lave-glace anti-gel toujours pr\u00eat \u00e0 l\u2019emploi<\/li>\n<li>D\u00e9graisse efficacement, supprime les traces d\u2019insectes<\/li>\n<li>Agents sp\u00e9cifiques \u00e9vitant la formation de tartre dans le syst\u00e8me<\/li>\n<li>Eco-Responsable: 2 tubes Exel Motor LAVE-GLACE<strong>\u00ae<\/strong>\u00a0= 30 Litres = 6 bidons en plastique<\/li>\n<li>Simplicit\u00e9, rentabilit\u00e9.<\/li>\n<\/ul>","protected":false},"featured_media":3013,"comment_status":"open","ping_status":"closed","template":"","meta":{"_et_pb_use_builder":"","_et_pb_old_content":"","_et_gb_content_width":""},"product_brand":[],"product_cat":[24],"product_tag":[],"class_list":{"0":"post-3014","1":"product","2":"type-product","3":"status-publish","4":"has-post-thumbnail","6":"product_cat-produit-lave-glace","7":"pa_gamme-entretien","9":"first","10":"instock","11":"shipping-taxable","12":"purchasable","13":"product-type-variable"},"_links":{"self":[{"href":"https:\/\/exelmotors.bertproducts.fr\/en\/wp-json\/wp\/v2\/product\/3014","targetHints":{"allow":["GET"]}}],"collection":[{"href":"https:\/\/exelmotors.bertproducts.fr\/en\/wp-json\/wp\/v2\/product"}],"about":[{"href":"https:\/\/exelmotors.bertproducts.fr\/en\/wp-json\/wp\/v2\/types\/product"}],"replies":[{"embeddable":true,"href":"https:\/\/exelmotors.bertproducts.fr\/en\/wp-json\/wp\/v2\/comments?post=3014"}],"wp:featuredmedia":[{"embeddable":true,"href":"https:\/\/exelmotors.bertproducts.fr\/en\/wp-json\/wp\/v2\/media\/3013"}],"wp:attachment":[{"href":"https:\/\/exelmotors.bertproducts.fr\/en\/wp-json\/wp\/v2\/media?parent=3014"}],"wp:term":[{"taxonomy":"product_brand","embeddable":true,"href":"https:\/\/exelmotors.bertproducts.fr\/en\/wp-json\/wp\/v2\/product_brand?post=3014"},{"taxonomy":"product_cat","embeddable":true,"href":"https:\/\/exelmotors.bertproducts.fr\/en\/wp-json\/wp\/v2\/product_cat?post=3014"},{"taxonomy":"product_tag","embeddable":true,"href":"https:\/\/exelmotors.bertproducts.fr\/en\/wp-json\/wp\/v2\/product_tag?post=3014"}],"curies":[{"name":"wp","href":"https:\/\/api.w.org\/{rel}","templated":true}]}}