{"id":3016,"date":"2025-11-12T17:55:32","date_gmt":"2025-11-12T17:55:32","guid":{"rendered":"https:\/\/exelmotors.bertproducts.fr\/produit\/exel-motor-multifonctions-5-en-1-1l\/"},"modified":"2025-11-14T18:55:58","modified_gmt":"2025-11-14T18:55:58","slug":"exel-motor-multifonctions-5-en-1-1l","status":"publish","type":"product","link":"https:\/\/exelmotors.bertproducts.fr\/en\/product\/exel-motor-multifonctions-5-en-1-1l\/","title":{"rendered":"EXEL MOTOR MULTIFONCTIONS\u00ae 5 EN 1 &#8211; 1L"},"content":{"rendered":"","protected":false},"excerpt":{"rendered":"<h5><span style=\"color: #ab080e;\"><span style=\"font-size: 12px;\">LIVRAISON GRATUITE \u00c0 PARTIR DE 45\u20ac D&rsquo;ACHAT !<\/span><\/span><\/h5>\n<p>&nbsp;<\/p>\n<h5><span style=\"color: #ab080e;\">NETTOYANT ET R\u00c9G\u00c9N\u00c9RANT POUR VEHICULE DIESEL: ACTION SUR FILTRE \u00c0 PARTICULES, TURBO, CATALYSEUR, INJECTEURS ET SOUPAPES<\/span><\/h5>\n<h5><span style=\"color: #ab080e;\">VOITURE DIESEL &#8211; 1L<\/span><\/h5>\n<h5><span style=\"color: #203471;\"><span style=\"font-size: 12px;\">Ref : 53MF<\/span><\/span><\/h5>\n<p>&nbsp;<\/p>\n<p class=\"p1\"><strong>Exel motor multi-fonctions 5 en 1 est le traitement carburant le plus complet pour les v\u00e9hicules diesel<\/strong><\/p>\n<ul>\n<li>1L ultra concentr\u00e9 sans dilution pr\u00e9alable<\/li>\n<li>R\u00e9duit la consommation de carburant de votre voiture<\/li>\n<li>Rend votre moteur plus souple<\/li>\n<li>Facilite la r\u00e9g\u00e9n\u00e9ration du FAP (filtre \u00e0 particules)<\/li>\n<li>D\u00e9crasse les 5 organes sensibles du moteur (Filtre \u00e0 particules, Turbo, Catalyseur, Injecteurs, Soupapes)<\/li>\n<li>Efficace sur votre v\u00e9hicule pendant 10 000 km<\/li>\n<\/ul>","protected":false},"featured_media":3015,"comment_status":"open","ping_status":"closed","template":"","meta":{"_et_pb_use_builder":"","_et_pb_old_content":"","_et_gb_content_width":""},"product_brand":[],"product_cat":[25],"product_tag":[],"class_list":{"0":"post-3016","1":"product","2":"type-product","3":"status-publish","4":"has-post-thumbnail","6":"product_cat-nettoyant-regenerant-filtre-a-particules","7":"pa_gamme-conformite-controle-technique","8":"pa_motorisation-diesel","10":"first","11":"instock","12":"shipping-taxable","13":"purchasable","14":"product-type-simple"},"_links":{"self":[{"href":"https:\/\/exelmotors.bertproducts.fr\/en\/wp-json\/wp\/v2\/product\/3016","targetHints":{"allow":["GET"]}}],"collection":[{"href":"https:\/\/exelmotors.bertproducts.fr\/en\/wp-json\/wp\/v2\/product"}],"about":[{"href":"https:\/\/exelmotors.bertproducts.fr\/en\/wp-json\/wp\/v2\/types\/product"}],"replies":[{"embeddable":true,"href":"https:\/\/exelmotors.bertproducts.fr\/en\/wp-json\/wp\/v2\/comments?post=3016"}],"wp:featuredmedia":[{"embeddable":true,"href":"https:\/\/exelmotors.bertproducts.fr\/en\/wp-json\/wp\/v2\/media\/3015"}],"wp:attachment":[{"href":"https:\/\/exelmotors.bertproducts.fr\/en\/wp-json\/wp\/v2\/media?parent=3016"}],"wp:term":[{"taxonomy":"product_brand","embeddable":true,"href":"https:\/\/exelmotors.bertproducts.fr\/en\/wp-json\/wp\/v2\/product_brand?post=3016"},{"taxonomy":"product_cat","embeddable":true,"href":"https:\/\/exelmotors.bertproducts.fr\/en\/wp-json\/wp\/v2\/product_cat?post=3016"},{"taxonomy":"product_tag","embeddable":true,"href":"https:\/\/exelmotors.bertproducts.fr\/en\/wp-json\/wp\/v2\/product_tag?post=3016"}],"curies":[{"name":"wp","href":"https:\/\/api.w.org\/{rel}","templated":true}]}}