{"id":3020,"date":"2025-11-12T17:55:51","date_gmt":"2025-11-12T17:55:51","guid":{"rendered":"https:\/\/exelmotors.bertproducts.fr\/produit\/exel-octane-booster\/"},"modified":"2025-11-14T18:51:08","modified_gmt":"2025-11-14T18:51:08","slug":"exel-octane-booster","status":"publish","type":"product","link":"https:\/\/exelmotors.bertproducts.fr\/en\/product\/exel-octane-booster\/","title":{"rendered":"EXEL OCTANE BOOSTER\u00ae"},"content":{"rendered":"","protected":false},"excerpt":{"rendered":"<h5><span style=\"color: #ab080e;\"><span style=\"font-size: 12px;\">LIVRAISON GRATUITE \u00c0 PARTIR DE 45\u20ac D&rsquo;ACHAT !<\/span><\/span><\/h5>\n<p>&nbsp;<\/p>\n<h5><span style=\"color: #ab080e;\">TRAITEMENT MOTEUR USAGE SPORTIF OU COURANT<\/span><\/h5>\n<h5><span style=\"color: #ab080e;\">VEHICULE ESSENCE &#8211; 500ml<\/span><\/h5>\n<h5><span style=\"color: #203471;\"><span style=\"font-size: 12px;\">Ref : 92000<\/span><\/span><\/h5>\n<p>&nbsp;<\/p>\n<p class=\"p1\"><strong>Exel Octane Booster\u00ae est un additif permettant d\u2019am\u00e9liorer l\u2019indice d\u2019octane des carburants et donc des performances des moteurs.<\/strong><\/p>\n<ul>\n<li>500 ml ultra concentr\u00e9 sans dilution pr\u00e9alable<\/li>\n<li>Permets jusqu\u2019\u00e0 15% d\u2019\u00e9conomie sur chaque plein<\/li>\n<li>Augmente l\u2019indice d\u2019octane et les performances de 5%<\/li>\n<li>Jusqu\u2019\u00e0 35% de r\u00e9duction des \u00e9missions polluantes<\/li>\n<li>Nettoie les injecteurs et am\u00e9liore la qualit\u00e9 du carburant<\/li>\n<li>Efficace sur votre voiture durant 7500 km<\/li>\n<\/ul>","protected":false},"featured_media":3019,"comment_status":"open","ping_status":"closed","template":"","meta":{"_et_pb_use_builder":"","_et_pb_old_content":"","_et_gb_content_width":""},"product_brand":[],"product_cat":[29],"product_tag":[],"class_list":{"0":"post-3020","1":"product","2":"type-product","3":"status-publish","4":"has-post-thumbnail","6":"product_cat-additifs-classic-cars-competition","7":"pa_gamme-performance","8":"pa_motorisation-essence","10":"first","11":"instock","12":"shipping-taxable","13":"purchasable","14":"product-type-simple"},"_links":{"self":[{"href":"https:\/\/exelmotors.bertproducts.fr\/en\/wp-json\/wp\/v2\/product\/3020","targetHints":{"allow":["GET"]}}],"collection":[{"href":"https:\/\/exelmotors.bertproducts.fr\/en\/wp-json\/wp\/v2\/product"}],"about":[{"href":"https:\/\/exelmotors.bertproducts.fr\/en\/wp-json\/wp\/v2\/types\/product"}],"replies":[{"embeddable":true,"href":"https:\/\/exelmotors.bertproducts.fr\/en\/wp-json\/wp\/v2\/comments?post=3020"}],"wp:featuredmedia":[{"embeddable":true,"href":"https:\/\/exelmotors.bertproducts.fr\/en\/wp-json\/wp\/v2\/media\/3019"}],"wp:attachment":[{"href":"https:\/\/exelmotors.bertproducts.fr\/en\/wp-json\/wp\/v2\/media?parent=3020"}],"wp:term":[{"taxonomy":"product_brand","embeddable":true,"href":"https:\/\/exelmotors.bertproducts.fr\/en\/wp-json\/wp\/v2\/product_brand?post=3020"},{"taxonomy":"product_cat","embeddable":true,"href":"https:\/\/exelmotors.bertproducts.fr\/en\/wp-json\/wp\/v2\/product_cat?post=3020"},{"taxonomy":"product_tag","embeddable":true,"href":"https:\/\/exelmotors.bertproducts.fr\/en\/wp-json\/wp\/v2\/product_tag?post=3020"}],"curies":[{"name":"wp","href":"https:\/\/api.w.org\/{rel}","templated":true}]}}