{"id":3024,"date":"2025-11-12T17:55:54","date_gmt":"2025-11-12T17:55:54","guid":{"rendered":"https:\/\/exelmotors.bertproducts.fr\/produit\/exel-power3-fap-curatif\/"},"modified":"2025-11-14T18:34:56","modified_gmt":"2025-11-14T18:34:56","slug":"exel-power3-fap-curatif","status":"publish","type":"product","link":"https:\/\/exelmotors.bertproducts.fr\/en\/product\/exel-power3-fap-curatif\/","title":{"rendered":"EXEL POWER3\u00ae FAP CURATIF"},"content":{"rendered":"","protected":false},"excerpt":{"rendered":"<h5><span style=\"color: #ab080e;\"><span style=\"font-size: 12px;\">LIVRAISON GRATUITE \u00c0 PARTIR DE 45\u20ac D&rsquo;ACHAT !<\/span><\/span><\/h5>\n<p>&nbsp;<\/p>\n<h5><span style=\"color: #ab080e;\">NETTOYANT ET R\u00c9G\u00c9N\u00c9RANT POUR FILTRE \u00c0 PARTICULES (FAP) VOITURES DIESEL<\/span><\/h5>\n<h5><span style=\"color: #ab080e;\">VEHICULE DIESEL &#8211; 1L<\/span><\/h5>\n<h5><span style=\"color: #203471;\"><span style=\"font-size: 12px;\">Ref : 53FAP1 (V\u00e9hicule Diesel)<\/span><\/span><\/h5>\n<p>&nbsp;<\/p>\n<p class=\"p1\"><strong>Exel power3\u00ae FAP (1L) est un traitement CURATIF et un nettoyant pour les v\u00e9hicules diesel disposant de filtre \u00e0 particules.<\/strong><\/p>\n<ul>\n<li>1L ultra concentr\u00e9 sans dilution pr\u00e9alable<\/li>\n<li>R\u00e9duit la consommation de carburant de votre voiture<\/li>\n<li>Permet la r\u00e9g\u00e9n\u00e9ration active en cas de FAP partiellement bouch\u00e9<\/li>\n<li>Diminue significativement les \u00e9missions polluantes<\/li>\n<li>Nettoie et prot\u00e8ge les injecteurs de votre v\u00e9hicule<\/li>\n<li>Am\u00e9liore les performances du moteur<\/li>\n<\/ul>","protected":false},"featured_media":3023,"comment_status":"open","ping_status":"closed","template":"","meta":{"_et_pb_use_builder":"","_et_pb_old_content":"","_et_gb_content_width":""},"product_brand":[],"product_cat":[25],"product_tag":[],"class_list":{"0":"post-3024","1":"product","2":"type-product","3":"status-publish","4":"has-post-thumbnail","6":"product_cat-nettoyant-regenerant-filtre-a-particules","7":"pa_gamme-conformite-controle-technique","9":"first","10":"instock","11":"shipping-taxable","12":"purchasable","13":"product-type-simple"},"_links":{"self":[{"href":"https:\/\/exelmotors.bertproducts.fr\/en\/wp-json\/wp\/v2\/product\/3024","targetHints":{"allow":["GET"]}}],"collection":[{"href":"https:\/\/exelmotors.bertproducts.fr\/en\/wp-json\/wp\/v2\/product"}],"about":[{"href":"https:\/\/exelmotors.bertproducts.fr\/en\/wp-json\/wp\/v2\/types\/product"}],"replies":[{"embeddable":true,"href":"https:\/\/exelmotors.bertproducts.fr\/en\/wp-json\/wp\/v2\/comments?post=3024"}],"wp:featuredmedia":[{"embeddable":true,"href":"https:\/\/exelmotors.bertproducts.fr\/en\/wp-json\/wp\/v2\/media\/3023"}],"wp:attachment":[{"href":"https:\/\/exelmotors.bertproducts.fr\/en\/wp-json\/wp\/v2\/media?parent=3024"}],"wp:term":[{"taxonomy":"product_brand","embeddable":true,"href":"https:\/\/exelmotors.bertproducts.fr\/en\/wp-json\/wp\/v2\/product_brand?post=3024"},{"taxonomy":"product_cat","embeddable":true,"href":"https:\/\/exelmotors.bertproducts.fr\/en\/wp-json\/wp\/v2\/product_cat?post=3024"},{"taxonomy":"product_tag","embeddable":true,"href":"https:\/\/exelmotors.bertproducts.fr\/en\/wp-json\/wp\/v2\/product_tag?post=3024"}],"curies":[{"name":"wp","href":"https:\/\/api.w.org\/{rel}","templated":true}]}}