{"id":3026,"date":"2025-11-12T17:55:56","date_gmt":"2025-11-12T17:55:56","guid":{"rendered":"https:\/\/exelmotors.bertproducts.fr\/produit\/exel-power3-curatif\/"},"modified":"2025-11-14T18:29:24","modified_gmt":"2025-11-14T18:29:24","slug":"exel-power3-curatif","status":"publish","type":"product","link":"https:\/\/exelmotors.bertproducts.fr\/en\/product\/exel-power3-curatif\/","title":{"rendered":"EXEL POWER3\u00ae CURATIF"},"content":{"rendered":"","protected":false},"excerpt":{"rendered":"<h5><span style=\"color: #ab080e;\"><span style=\"font-size: 12px;\">LIVRAISON GRATUITE \u00c0 PARTIR DE 45\u20ac D&rsquo;ACHAT !<\/span><\/span><\/h5>\n<p>&nbsp;<\/p>\n<h5><span style=\"color: #ab080e;\">NETTOYANT INJECTEUR ET SOUPAPES<\/span><\/h5>\n<h5><span style=\"color: #ab080e;\">VOITURE ESSENCE OU VOITURE DIESEL &#8211; 250ML<\/span><\/h5>\n<h5><span style=\"color: #203471;\"><span style=\"font-size: 12px;\">Ref : 52C250 (V\u00e9hicule Essence) &#8211; 53C250 (V\u00e9hicule Diesel)<\/span><\/span><\/h5>\n<p>&nbsp;<\/p>\n<p class=\"p1\"><strong>Exel Power3\u00ae CURATIF est un traitement curatif des injecteurs de voiture adapt\u00e9 aux v\u00e9hicules diesel ou essence.<\/strong><\/p>\n<ul>\n<li>250 ml ultra concentr\u00e9 sans dilution pr\u00e9alable<\/li>\n<li>R\u00e9duit la consommation de carburant jusqu\u2019\u00e0 8%<\/li>\n<li>D\u00e9crasse les injecteurs, vanne EGR et chambre de combustion de votre voiture<\/li>\n<li>Diminue significativement les \u00e9missions polluantes jusqu&rsquo;\u00e0 30%<\/li>\n<li>Am\u00e9liore le rendement du moteur et restitue les compressions<\/li>\n<li>Am\u00e9liore le d\u00e9marrage \u00e0 froid de votre v\u00e9hicule<\/li>\n<li>Efficace 10000 km<\/li>\n<\/ul>","protected":false},"featured_media":3025,"comment_status":"open","ping_status":"closed","template":"","meta":{"_et_pb_use_builder":"","_et_pb_old_content":"","_et_gb_content_width":""},"product_brand":[],"product_cat":[26],"product_tag":[],"class_list":{"0":"post-3026","1":"product","2":"type-product","3":"status-publish","4":"has-post-thumbnail","6":"product_cat-nettoyant-injecteurs-et-soupapes","7":"pa_gamme-conformite-controle-technique","8":"pa_motorisation-diesel","9":"pa_motorisation-essence","11":"first","12":"instock","13":"shipping-taxable","14":"purchasable","15":"product-type-variable"},"_links":{"self":[{"href":"https:\/\/exelmotors.bertproducts.fr\/en\/wp-json\/wp\/v2\/product\/3026","targetHints":{"allow":["GET"]}}],"collection":[{"href":"https:\/\/exelmotors.bertproducts.fr\/en\/wp-json\/wp\/v2\/product"}],"about":[{"href":"https:\/\/exelmotors.bertproducts.fr\/en\/wp-json\/wp\/v2\/types\/product"}],"replies":[{"embeddable":true,"href":"https:\/\/exelmotors.bertproducts.fr\/en\/wp-json\/wp\/v2\/comments?post=3026"}],"wp:featuredmedia":[{"embeddable":true,"href":"https:\/\/exelmotors.bertproducts.fr\/en\/wp-json\/wp\/v2\/media\/3025"}],"wp:attachment":[{"href":"https:\/\/exelmotors.bertproducts.fr\/en\/wp-json\/wp\/v2\/media?parent=3026"}],"wp:term":[{"taxonomy":"product_brand","embeddable":true,"href":"https:\/\/exelmotors.bertproducts.fr\/en\/wp-json\/wp\/v2\/product_brand?post=3026"},{"taxonomy":"product_cat","embeddable":true,"href":"https:\/\/exelmotors.bertproducts.fr\/en\/wp-json\/wp\/v2\/product_cat?post=3026"},{"taxonomy":"product_tag","embeddable":true,"href":"https:\/\/exelmotors.bertproducts.fr\/en\/wp-json\/wp\/v2\/product_tag?post=3026"}],"curies":[{"name":"wp","href":"https:\/\/api.w.org\/{rel}","templated":true}]}}