{"id":3028,"date":"2025-11-12T17:55:57","date_gmt":"2025-11-12T17:55:57","guid":{"rendered":"https:\/\/exelmotors.bertproducts.fr\/produit\/exel-power3-preventif\/"},"modified":"2025-11-14T18:23:20","modified_gmt":"2025-11-14T18:23:20","slug":"exel-power3-preventif","status":"publish","type":"product","link":"https:\/\/exelmotors.bertproducts.fr\/en\/product\/exel-power3-preventif\/","title":{"rendered":"EXEL POWER3\u00ae PR\u00c9VENTIF"},"content":{"rendered":"","protected":false},"excerpt":{"rendered":"<h5><span style=\"color: #ab080e;\"><span style=\"font-size: 12px;\">LIVRAISON GRATUITE \u00c0 PARTIR DE 45\u20ac D&rsquo;ACHAT !<\/span><\/span><\/h5>\n<p>&nbsp;<\/p>\n<h5><span style=\"color: #ab080e;\">NETTOYANT VOITURE INJECTEURS ET SOUPAPES<\/span><\/h5>\n<h5><span style=\"color: #ab080e;\">VEHICULE ESSENCE OU VEHICULE DIESEL &#8211; 50ML<\/span><\/h5>\n<h5><span style=\"color: #203471;\"><span style=\"font-size: 12px;\">Ref : 52000 (V\u00e9hicule Essence) &#8211; 53000 (V\u00e9hicule Diesel)<\/span><\/span><\/h5>\n<p>&nbsp;<\/p>\n<p class=\"p1\"><strong>Exel Power3\u00ae est un traitement moteur et un nettoyant efficace des injecteurs et des soupapes pour les v\u00e9hicules essence ou diesel.<\/strong><\/p>\n<ul>\n<li>50 ml ultra concentr\u00e9 sans dilution pr\u00e9alable<\/li>\n<li>R\u00e9duit la consommation de votre voiture jusqu\u2019\u00e0 8%<\/li>\n<li>Retarde l&rsquo;usure du moteur et optimise ses performances<\/li>\n<li>Diminue significativement les \u00e9missions polluantes jusqu&rsquo;\u00e0 30%<\/li>\n<li>R\u00e9\u00e9quilibre le d\u00e9bit des injecteurs de votre v\u00e9hicule<\/li>\n<li>Efficace 7500 km (am\u00e9liore la combustion du carburant)<\/li>\n<\/ul>","protected":false},"featured_media":3027,"comment_status":"open","ping_status":"closed","template":"","meta":{"_et_pb_use_builder":"","_et_pb_old_content":"","_et_gb_content_width":""},"product_brand":[],"product_cat":[26],"product_tag":[],"class_list":{"0":"post-3028","1":"product","2":"type-product","3":"status-publish","4":"has-post-thumbnail","6":"product_cat-nettoyant-injecteurs-et-soupapes","7":"pa_gamme-entretien","8":"pa_motorisation-diesel","9":"pa_motorisation-essence","11":"first","12":"instock","13":"sale","14":"shipping-taxable","15":"purchasable","16":"product-type-variable"},"_links":{"self":[{"href":"https:\/\/exelmotors.bertproducts.fr\/en\/wp-json\/wp\/v2\/product\/3028","targetHints":{"allow":["GET"]}}],"collection":[{"href":"https:\/\/exelmotors.bertproducts.fr\/en\/wp-json\/wp\/v2\/product"}],"about":[{"href":"https:\/\/exelmotors.bertproducts.fr\/en\/wp-json\/wp\/v2\/types\/product"}],"replies":[{"embeddable":true,"href":"https:\/\/exelmotors.bertproducts.fr\/en\/wp-json\/wp\/v2\/comments?post=3028"}],"wp:featuredmedia":[{"embeddable":true,"href":"https:\/\/exelmotors.bertproducts.fr\/en\/wp-json\/wp\/v2\/media\/3027"}],"wp:attachment":[{"href":"https:\/\/exelmotors.bertproducts.fr\/en\/wp-json\/wp\/v2\/media?parent=3028"}],"wp:term":[{"taxonomy":"product_brand","embeddable":true,"href":"https:\/\/exelmotors.bertproducts.fr\/en\/wp-json\/wp\/v2\/product_brand?post=3028"},{"taxonomy":"product_cat","embeddable":true,"href":"https:\/\/exelmotors.bertproducts.fr\/en\/wp-json\/wp\/v2\/product_cat?post=3028"},{"taxonomy":"product_tag","embeddable":true,"href":"https:\/\/exelmotors.bertproducts.fr\/en\/wp-json\/wp\/v2\/product_tag?post=3028"}],"curies":[{"name":"wp","href":"https:\/\/api.w.org\/{rel}","templated":true}]}}