{"id":3030,"date":"2025-11-12T17:55:59","date_gmt":"2025-11-12T17:55:59","guid":{"rendered":"https:\/\/exelmotors.bertproducts.fr\/produit\/exel-motor3\/"},"modified":"2025-11-14T18:12:52","modified_gmt":"2025-11-14T18:12:52","slug":"exel-motor3","status":"publish","type":"product","link":"https:\/\/exelmotors.bertproducts.fr\/en\/product\/exel-motor3\/","title":{"rendered":"EXEL MOTOR3\u00ae"},"content":{"rendered":"","protected":false},"excerpt":{"rendered":"<h5><span style=\"color: #ab080e;\"><span style=\"font-size: 12px;\">LIVRAISON GRATUITE \u00c0 PARTIR DE 45\u20ac D&rsquo;ACHAT !<\/span><\/span><\/h5>\n<p>&nbsp;<\/p>\n<h5><span style=\"color: #ab080e;\">NETTOYANT HAUT BAS MOTEUR POUR VOITURE ESSENCE OU DIESEL<\/span><\/h5>\n<h5><span style=\"color: #ab080e;\">ESSENCE OU DIESEL &#8211; 3X50ML<\/span><\/h5>\n<h5><span style=\"color: #203471;\"><span style=\"font-size: 12px;\">Ref : 42000 (V\u00e9hicule Essence) &#8211; 43000 (V\u00e9hicule Diesel)<\/span><\/span><\/h5>\n<p>&nbsp;<\/p>\n<p class=\"p1\"><strong>Exel Motor3\u00ae est un double traitement int\u00e9gral haut et bas pour les moteurs de voitures, concentr\u00e9 de haute technologie issu de la p\u00e9trochimie fine qui facilite la mise en conformit\u00e9 en vue du contr\u00f4le technique.<\/strong><\/p>\n<ul>\n<li>3&#215;50 ml ultra concentr\u00e9 sans dilution pr\u00e9alable<\/li>\n<li>R\u00e9duit la consommation de votre v\u00e9hicule jusqu\u2019\u00e0 25%<\/li>\n<li>Facilit\u00e9 le passage au contr\u00f4le technique anti-pollution<\/li>\n<li>Diminue significativement les \u00e9missions polluantes<\/li>\n<li>Retarde l&rsquo;usure du moteur de votre voiture et optimise ses performances<\/li>\n<li>Efficace 30000 km<\/li>\n<\/ul>","protected":false},"featured_media":3029,"comment_status":"open","ping_status":"closed","template":"","meta":{"_et_pb_use_builder":"","_et_pb_old_content":"","_et_gb_content_width":""},"product_brand":[],"product_cat":[27],"product_tag":[],"class_list":{"0":"post-3030","1":"product","2":"type-product","3":"status-publish","4":"has-post-thumbnail","6":"product_cat-nettoyant-haut-et-bas-moteur","7":"pa_gamme-conformite-controle-technique","8":"pa_gamme-entretien","9":"pa_motorisation-diesel","10":"pa_motorisation-essence","12":"first","13":"instock","14":"shipping-taxable","15":"purchasable","16":"product-type-variable"},"_links":{"self":[{"href":"https:\/\/exelmotors.bertproducts.fr\/en\/wp-json\/wp\/v2\/product\/3030","targetHints":{"allow":["GET"]}}],"collection":[{"href":"https:\/\/exelmotors.bertproducts.fr\/en\/wp-json\/wp\/v2\/product"}],"about":[{"href":"https:\/\/exelmotors.bertproducts.fr\/en\/wp-json\/wp\/v2\/types\/product"}],"replies":[{"embeddable":true,"href":"https:\/\/exelmotors.bertproducts.fr\/en\/wp-json\/wp\/v2\/comments?post=3030"}],"wp:featuredmedia":[{"embeddable":true,"href":"https:\/\/exelmotors.bertproducts.fr\/en\/wp-json\/wp\/v2\/media\/3029"}],"wp:attachment":[{"href":"https:\/\/exelmotors.bertproducts.fr\/en\/wp-json\/wp\/v2\/media?parent=3030"}],"wp:term":[{"taxonomy":"product_brand","embeddable":true,"href":"https:\/\/exelmotors.bertproducts.fr\/en\/wp-json\/wp\/v2\/product_brand?post=3030"},{"taxonomy":"product_cat","embeddable":true,"href":"https:\/\/exelmotors.bertproducts.fr\/en\/wp-json\/wp\/v2\/product_cat?post=3030"},{"taxonomy":"product_tag","embeddable":true,"href":"https:\/\/exelmotors.bertproducts.fr\/en\/wp-json\/wp\/v2\/product_tag?post=3030"}],"curies":[{"name":"wp","href":"https:\/\/api.w.org\/{rel}","templated":true}]}}