{"id":3032,"date":"2025-11-12T17:56:00","date_gmt":"2025-11-12T17:56:00","guid":{"rendered":"https:\/\/exelmotors.bertproducts.fr\/produit\/exel-motor\/"},"modified":"2025-11-14T17:59:51","modified_gmt":"2025-11-14T17:59:51","slug":"exel-motor","status":"publish","type":"product","link":"https:\/\/exelmotors.bertproducts.fr\/en\/product\/exel-motor\/","title":{"rendered":"EXEL MOTOR\u00ae"},"content":{"rendered":"","protected":false},"excerpt":{"rendered":"<h5><span style=\"color: #ab080e;\"><span style=\"font-size: 12px;\">LIVRAISON GRATUITE \u00c0 PARTIR DE 45\u20ac D&rsquo;ACHAT !<\/span><\/span><\/h5>\n<p>&nbsp;<\/p>\n<h5><span style=\"color: #ab080e;\">NETTOYANT MOTEUR VOITURE HAUT BAS MOTEUR<\/span><\/h5>\n<h5><span style=\"color: #ab080e;\">ESSENCE OU DIESEL &#8211; 2X50ML<\/span><\/h5>\n<h5><span style=\"color: #203471;\"><span style=\"font-size: 12px;\">Ref : 32000 (Voiture Essence) &#8211; 33000 (Voiture Diesel)<\/span><\/span><\/h5>\n<p>&nbsp;<\/p>\n<p class=\"p1\"><strong>Exel Motor\u00ae est un double traitement int\u00e9gral haut et bas moteur pour votre automobile, concentr\u00e9 de haute technologie issu de la p\u00e9trochimie fine qui facilite la mise en conformit\u00e9 en vue du contr\u00f4le technique.<\/strong><\/p>\n<ul>\n<li>2&#215;50 ml ultra concentr\u00e9 sans dilution pr\u00e9alable<\/li>\n<li>R\u00e9duit la consommation de carburant jusqu\u2019\u00e0 15%<\/li>\n<li>Facilit\u00e9 le d\u00e9marrage \u00e0 froid de votre automobile.<\/li>\n<li>Diminue significativement les \u00e9missions polluantes jusqu&rsquo;\u00e0 70%<\/li>\n<li>Nettoie et prot\u00e8ge le bas moteur de votre voiture.<\/li>\n<li>Efficace 20000 km<\/li>\n<\/ul>","protected":false},"featured_media":3031,"comment_status":"open","ping_status":"closed","template":"","meta":{"_et_pb_use_builder":"","_et_pb_old_content":"","_et_gb_content_width":""},"product_brand":[],"product_cat":[27],"product_tag":[],"class_list":{"0":"post-3032","1":"product","2":"type-product","3":"status-publish","4":"has-post-thumbnail","6":"product_cat-nettoyant-haut-et-bas-moteur","7":"pa_gamme-entretien","8":"pa_motorisation-diesel","9":"pa_motorisation-essence","11":"first","12":"instock","13":"shipping-taxable","14":"purchasable","15":"product-type-variable"},"_links":{"self":[{"href":"https:\/\/exelmotors.bertproducts.fr\/en\/wp-json\/wp\/v2\/product\/3032","targetHints":{"allow":["GET"]}}],"collection":[{"href":"https:\/\/exelmotors.bertproducts.fr\/en\/wp-json\/wp\/v2\/product"}],"about":[{"href":"https:\/\/exelmotors.bertproducts.fr\/en\/wp-json\/wp\/v2\/types\/product"}],"replies":[{"embeddable":true,"href":"https:\/\/exelmotors.bertproducts.fr\/en\/wp-json\/wp\/v2\/comments?post=3032"}],"wp:featuredmedia":[{"embeddable":true,"href":"https:\/\/exelmotors.bertproducts.fr\/en\/wp-json\/wp\/v2\/media\/3031"}],"wp:attachment":[{"href":"https:\/\/exelmotors.bertproducts.fr\/en\/wp-json\/wp\/v2\/media?parent=3032"}],"wp:term":[{"taxonomy":"product_brand","embeddable":true,"href":"https:\/\/exelmotors.bertproducts.fr\/en\/wp-json\/wp\/v2\/product_brand?post=3032"},{"taxonomy":"product_cat","embeddable":true,"href":"https:\/\/exelmotors.bertproducts.fr\/en\/wp-json\/wp\/v2\/product_cat?post=3032"},{"taxonomy":"product_tag","embeddable":true,"href":"https:\/\/exelmotors.bertproducts.fr\/en\/wp-json\/wp\/v2\/product_tag?post=3032"}],"curies":[{"name":"wp","href":"https:\/\/api.w.org\/{rel}","templated":true}]}}